{"id":112,"date":"2025-05-04T13:58:05","date_gmt":"2025-05-04T11:58:05","guid":{"rendered":"https:\/\/awacss.be\/index.php\/services\/"},"modified":"2025-09-04T13:28:51","modified_gmt":"2025-09-04T11:28:51","slug":"membres","status":"publish","type":"page","link":"https:\/\/awacss.be\/index.php\/membres\/","title":{"rendered":"Devenir Membre"},"content":{"rendered":"\t\t<div data-elementor-type=\"wp-page\" data-elementor-id=\"112\" class=\"elementor elementor-112\" data-elementor-post-type=\"page\">\n\t\t\t\t<div class=\"elementor-element elementor-element-3a5b2b74 e-flex e-con-boxed e-con e-parent\" data-id=\"3a5b2b74\" data-element_type=\"container\" data-settings=\"{&quot;background_background&quot;:&quot;gradient&quot;,&quot;shape_divider_bottom&quot;:&quot;waves&quot;}\">\n\t\t\t\t\t<div class=\"e-con-inner\">\n\t\t\t\t<div class=\"elementor-shape elementor-shape-bottom\" aria-hidden=\"true\" data-negative=\"false\">\n\t\t\t<svg xmlns=\"http:\/\/www.w3.org\/2000\/svg\" viewBox=\"0 0 1000 100\" preserveAspectRatio=\"none\">\n\t<path class=\"elementor-shape-fill\" d=\"M421.9,6.5c22.6-2.5,51.5,0.4,75.5,5.3c23.6,4.9,70.9,23.5,100.5,35.7c75.8,32.2,133.7,44.5,192.6,49.7\n\tc23.6,2.1,48.7,3.5,103.4-2.5c54.7-6,106.2-25.6,106.2-25.6V0H0v30.3c0,0,72,32.6,158.4,30.5c39.2-0.7,92.8-6.7,134-22.4\n\tc21.2-8.1,52.2-18.2,79.7-24.2C399.3,7.9,411.6,7.5,421.9,6.5z\"\/>\n<\/svg>\t\t<\/div>\n\t\t\t\t<div class=\"elementor-element elementor-element-1c0c4a24 elementor-widget elementor-widget-heading\" data-id=\"1c0c4a24\" data-element_type=\"widget\" data-widget_type=\"heading.default\">\n\t\t\t\t<div class=\"elementor-widget-container\">\n\t\t\t\t\t<h1 class=\"elementor-heading-title elementor-size-default\">Devenir Membre<\/h1>\t\t\t\t<\/div>\n\t\t\t\t<\/div>\n\t\t\t\t\t<\/div>\n\t\t\t\t<\/div>\n\t\t<div class=\"elementor-element elementor-element-7a157b8b e-flex e-con-boxed e-con e-parent\" data-id=\"7a157b8b\" data-element_type=\"container\" data-settings=\"{&quot;background_background&quot;:&quot;classic&quot;}\">\n\t\t\t\t\t<div class=\"e-con-inner\">\n\t\t<div class=\"elementor-element elementor-element-4def8cef e-flex e-con-boxed e-con e-child\" data-id=\"4def8cef\" data-element_type=\"container\">\n\t\t\t\t\t<div class=\"e-con-inner\">\n\t\t\t\t<div class=\"elementor-element elementor-element-6c1572aa elementor-widget elementor-widget-text-editor\" data-id=\"6c1572aa\" data-element_type=\"widget\" data-widget_type=\"text-editor.default\">\n\t\t\t\t<div class=\"elementor-widget-container\">\n\t\t\t\t\t\t\t\t\t<p data-start=\"99\" data-end=\"407\">Rejoignez notre association et soutenez nos actions en devenant membre!<br data-start=\"171\" data-end=\"174\" \/>La <strong data-start=\"177\" data-end=\"200\">cotisation annuelle<\/strong> est de <strong data-start=\"208\" data-end=\"228\">25\u202f\u20ac par famille<\/strong>, ou de <strong data-start=\"236\" data-end=\"282\">15\u202f\u20ac par habitant de Wezembeek-Oppem<\/strong>.<br data-start=\"283\" data-end=\"286\" \/><br \/>Cette distinction nous permet de b\u00e9n\u00e9ficier de <strong data-start=\"336\" data-end=\"364\">subsides plus importants<\/strong>, ce qui renforce directement notre impact.<\/p><p data-start=\"99\" data-end=\"407\">Chaque <strong data-start=\"416\" data-end=\"438\">don compl\u00e9mentaire<\/strong> est \u00e9galement le bienvenu : il contribue \u00e0 couvrir les frais de fonctionnement de l\u2019ASBL, notamment l\u2019<strong data-start=\"541\" data-end=\"578\">achat et l\u2019entretien du sonom\u00e8tre<\/strong>, ainsi que la <strong data-start=\"593\" data-end=\"654\">publication des enregistrements des donn\u00e9es sonom\u00e9triques<\/strong> li\u00e9es aux survols.<\/p><p data-start=\"675\" data-end=\"701\">Merci pour votre soutien !<\/p>\t\t\t\t\t\t\t\t<\/div>\n\t\t\t\t<\/div>\n\t\t\t\t<div class=\"elementor-element elementor-element-78b68504 elementor-widget elementor-widget-heading\" data-id=\"78b68504\" data-element_type=\"widget\" data-widget_type=\"heading.default\">\n\t\t\t\t<div class=\"elementor-widget-container\">\n\t\t\t\t\t<h2 class=\"elementor-heading-title elementor-size-default\">IBAN : BE08 4393 1856 9113<\/h2>\t\t\t\t<\/div>\n\t\t\t\t<\/div>\n\t\t\t\t<div class=\"elementor-element elementor-element-4fbb3ea elementor-widget elementor-widget-heading\" data-id=\"4fbb3ea\" data-element_type=\"widget\" data-widget_type=\"heading.default\">\n\t\t\t\t<div class=\"elementor-widget-container\">\n\t\t\t\t\t<h3 class=\"elementor-heading-title elementor-size-default\">Merci de mentionner votre <b>nom<\/b> et <b>adresse e-mail<\/b><br>\ndans la communication\u200b<\/h3>\t\t\t\t<\/div>\n\t\t\t\t<\/div>\n\t\t\t\t\t<\/div>\n\t\t\t\t<\/div>\n\t\t\t\t\t<\/div>\n\t\t\t\t<\/div>\n\t\t\t\t<\/div>\n\t\t","protected":false},"excerpt":{"rendered":"<p>Devenir Membre Rejoignez notre association et soutenez nos actions en devenant membre!La cotisation annuelle est de 25\u202f\u20ac par famille, ou de 15\u202f\u20ac par habitant de Wezembeek-Oppem.Cette distinction nous permet de b\u00e9n\u00e9ficier de subsides plus importants, ce qui renforce directement notre impact. Chaque don compl\u00e9mentaire est \u00e9galement le bienvenu : il contribue \u00e0 couvrir les frais [&hellip;]<\/p>\n","protected":false},"author":1,"featured_media":0,"parent":0,"menu_order":0,"comment_status":"closed","ping_status":"closed","template":"elementor_header_footer","meta":{"footnotes":""},"class_list":["post-112","page","type-page","status-publish","hentry"],"_links":{"self":[{"href":"https:\/\/awacss.be\/index.php\/wp-json\/wp\/v2\/pages\/112","targetHints":{"allow":["GET"]}}],"collection":[{"href":"https:\/\/awacss.be\/index.php\/wp-json\/wp\/v2\/pages"}],"about":[{"href":"https:\/\/awacss.be\/index.php\/wp-json\/wp\/v2\/types\/page"}],"author":[{"embeddable":true,"href":"https:\/\/awacss.be\/index.php\/wp-json\/wp\/v2\/users\/1"}],"replies":[{"embeddable":true,"href":"https:\/\/awacss.be\/index.php\/wp-json\/wp\/v2\/comments?post=112"}],"version-history":[{"count":52,"href":"https:\/\/awacss.be\/index.php\/wp-json\/wp\/v2\/pages\/112\/revisions"}],"predecessor-version":[{"id":1063,"href":"https:\/\/awacss.be\/index.php\/wp-json\/wp\/v2\/pages\/112\/revisions\/1063"}],"wp:attachment":[{"href":"https:\/\/awacss.be\/index.php\/wp-json\/wp\/v2\/media?parent=112"}],"curies":[{"name":"wp","href":"https:\/\/api.w.org\/{rel}","templated":true}]}}