{"id":388,"date":"2025-05-05T17:55:53","date_gmt":"2025-05-05T15:55:53","guid":{"rendered":"https:\/\/awacss.be\/?page_id=388"},"modified":"2025-05-24T15:17:36","modified_gmt":"2025-05-24T13:17:36","slug":"news","status":"publish","type":"page","link":"https:\/\/awacss.be\/index.php\/news\/","title":{"rendered":"News"},"content":{"rendered":"\t\t<div data-elementor-type=\"wp-page\" data-elementor-id=\"388\" class=\"elementor elementor-388\" data-elementor-post-type=\"page\">\n\t\t\t\t<div class=\"elementor-element elementor-element-dba9b52 e-flex e-con-boxed e-con e-parent\" data-id=\"dba9b52\" data-element_type=\"container\">\n\t\t\t\t\t<div class=\"e-con-inner\">\n\t\t<div class=\"elementor-element elementor-element-65b2d13 e-con-full e-flex e-con e-child\" data-id=\"65b2d13\" data-element_type=\"container\">\n\t\t<div class=\"elementor-element elementor-element-f96f88a e-con-full e-flex e-con e-child\" data-id=\"f96f88a\" data-element_type=\"container\">\n\t\t\t\t<div class=\"elementor-element elementor-element-c7667c8 elementor-widget-divider--view-line elementor-widget elementor-widget-divider\" data-id=\"c7667c8\" data-element_type=\"widget\" data-widget_type=\"divider.default\">\n\t\t\t\t<div class=\"elementor-widget-container\">\n\t\t\t\t\t\t\t<div class=\"elementor-divider\">\n\t\t\t<span class=\"elementor-divider-separator\">\n\t\t\t\t\t\t<\/span>\n\t\t<\/div>\n\t\t\t\t\t\t<\/div>\n\t\t\t\t<\/div>\n\t\t\t\t<\/div>\n\t\t\t\t<\/div>\n\t\t\t\t\t<\/div>\n\t\t\t\t<\/div>\n\t\t<div class=\"elementor-element elementor-element-61aa62d e-flex e-con-boxed e-con e-parent\" data-id=\"61aa62d\" data-element_type=\"container\">\n\t\t\t\t\t<div class=\"e-con-inner\">\n\t\t\t\t<div class=\"elementor-element elementor-element-e00ac0a elementor-grid-3 elementor-grid-tablet-2 elementor-grid-mobile-1 elementor-posts--thumbnail-top elementor-posts--show-avatar elementor-card-shadow-yes elementor-posts__hover-gradient elementor-widget elementor-widget-posts\" data-id=\"e00ac0a\" data-element_type=\"widget\" data-settings=\"{&quot;cards_row_gap&quot;:{&quot;unit&quot;:&quot;px&quot;,&quot;size&quot;:0,&quot;sizes&quot;:[]},&quot;cards_row_gap_mobile&quot;:{&quot;unit&quot;:&quot;px&quot;,&quot;size&quot;:0,&quot;sizes&quot;:[]},&quot;cards_columns&quot;:&quot;3&quot;,&quot;cards_columns_tablet&quot;:&quot;2&quot;,&quot;cards_columns_mobile&quot;:&quot;1&quot;,&quot;cards_row_gap_tablet&quot;:{&quot;unit&quot;:&quot;px&quot;,&quot;size&quot;:&quot;&quot;,&quot;sizes&quot;:[]}}\" data-widget_type=\"posts.cards\">\n\t\t\t\t<div class=\"elementor-widget-container\">\n\t\t\t\t\t\t\t<div class=\"elementor-posts-container elementor-posts elementor-posts--skin-cards elementor-grid\">\n\t\t\t\t<article class=\"elementor-post elementor-grid-item post-978 post type-post status-publish format-standard has-post-thumbnail hentry category-non-categorise\">\n\t\t\t<div class=\"elementor-post__card\">\n\t\t\t\t<a class=\"elementor-post__thumbnail__link\" href=\"https:\/\/awacss.be\/index.php\/2025\/05\/19\/978\/\" tabindex=\"-1\" ><div class=\"elementor-post__thumbnail\"><img decoding=\"async\" width=\"300\" height=\"81\" src=\"https:\/\/awacss.be\/wp-content\/uploads\/2025\/05\/Avion-2png-300x81.webp\" class=\"attachment-medium size-medium wp-image-993\" alt=\"Avion-2\" srcset=\"https:\/\/awacss.be\/wp-content\/uploads\/2025\/05\/Avion-2png-300x81.webp 300w, https:\/\/awacss.be\/wp-content\/uploads\/2025\/05\/Avion-2png-1024x278.webp 1024w, https:\/\/awacss.be\/wp-content\/uploads\/2025\/05\/Avion-2png-768x209.webp 768w, https:\/\/awacss.be\/wp-content\/uploads\/2025\/05\/Avion-2png-1536x417.webp 1536w, https:\/\/awacss.be\/wp-content\/uploads\/2025\/05\/Avion-2png.webp 1920w\" sizes=\"(max-width: 300px) 100vw, 300px\" \/><\/div><\/a>\n\t\t\t\t<div class=\"elementor-post__badge\">Non cat\u00e9goris\u00e9<\/div>\n\t\t\t\t<div class=\"elementor-post__avatar\">\n\t\t\t<img decoding=\"async\" width=\"128\" height=\"128\" src=\"https:\/\/awacss.be\/wp-content\/uploads\/2025\/05\/FREDERIC_PETIT-150x150.webp\" class=\"\" alt=\"Fr\u00e9d\u00e9ric Petit\" size=\"128\" default=\"mm\" force_default=\"\" rating=\"g\" scheme=\"\" processed_args=\"\" extra_attr=\"\" force_display=\"\" loading=\"\" fetchpriority=\"\" found_avatar=\"1\" url=\"https:\/\/secure.gravatar.com\/avatar\/90998f1dd3d7dde8514a6189a4f7dec7dfb815c277e25e11d6a954a879f28013?s=128&amp;d=mm&amp;r=g\" \/>\t\t<\/div>\n\t\t\t\t<div class=\"elementor-post__text\">\n\t\t\t\t<h3 class=\"elementor-post__title\">\n\t\t\t<a href=\"https:\/\/awacss.be\/index.php\/2025\/05\/19\/978\/\" >\n\t\t\t\tPiste 01 : Nouvelle D\u00e9rive, Nouvelle Riposte\t\t\t<\/a>\n\t\t<\/h3>\n\t\t\t\t<div class=\"elementor-post__excerpt\">\n\t\t\t<p>Chers membres et sympathisants,Nous subissons une utilisation intensive et inacceptable de la piste 01 \u00e0 l\u2019atterrissage depuis le 28 avril 2025 !! Que se passe-t-il ?La piste 01 est d\u00e9j\u00e0 utilis\u00e9e abusivement dans tous les cas o\u00f9 nous pouvons d\u00e9montrer que par vent faible, quand la norme de vent de<\/p>\n\t\t<\/div>\n\t\t\n\t\t<a class=\"elementor-post__read-more\" href=\"https:\/\/awacss.be\/index.php\/2025\/05\/19\/978\/\" aria-label=\"En savoir plus sur Piste 01 : Nouvelle D\u00e9rive, Nouvelle Riposte\" tabindex=\"-1\" >\n\t\t\tLire la suite \u00bb\t\t<\/a>\n\n\t\t\t\t<\/div>\n\t\t\t\t<div class=\"elementor-post__meta-data\">\n\t\t\t\t\t<span class=\"elementor-post-date\">\n\t\t\t19 mai 2025\t\t<\/span>\n\t\t\t\t<span class=\"elementor-post-avatar\">\n\t\t\tAucun commentaire\t\t<\/span>\n\t\t\t\t<\/div>\n\t\t\t\t\t<\/div>\n\t\t<\/article>\n\t\t\t\t<article class=\"elementor-post elementor-grid-item post-285 post type-post status-publish format-standard has-post-thumbnail hentry category-non-categorise\">\n\t\t\t<div class=\"elementor-post__card\">\n\t\t\t\t<a class=\"elementor-post__thumbnail__link\" href=\"https:\/\/awacss.be\/index.php\/2025\/05\/04\/titre\/\" tabindex=\"-1\" ><div class=\"elementor-post__thumbnail\"><img decoding=\"async\" width=\"300\" height=\"81\" src=\"https:\/\/awacss.be\/wp-content\/uploads\/2025\/05\/Avion-2png-300x81.webp\" class=\"attachment-medium size-medium wp-image-993\" alt=\"Avion-2\" srcset=\"https:\/\/awacss.be\/wp-content\/uploads\/2025\/05\/Avion-2png-300x81.webp 300w, https:\/\/awacss.be\/wp-content\/uploads\/2025\/05\/Avion-2png-1024x278.webp 1024w, https:\/\/awacss.be\/wp-content\/uploads\/2025\/05\/Avion-2png-768x209.webp 768w, https:\/\/awacss.be\/wp-content\/uploads\/2025\/05\/Avion-2png-1536x417.webp 1536w, https:\/\/awacss.be\/wp-content\/uploads\/2025\/05\/Avion-2png.webp 1920w\" sizes=\"(max-width: 300px) 100vw, 300px\" \/><\/div><\/a>\n\t\t\t\t<div class=\"elementor-post__badge\">Non cat\u00e9goris\u00e9<\/div>\n\t\t\t\t<div class=\"elementor-post__avatar\">\n\t\t\t<img decoding=\"async\" width=\"128\" height=\"128\" src=\"https:\/\/awacss.be\/wp-content\/uploads\/2025\/05\/FREDERIC_PETIT-150x150.webp\" class=\"\" alt=\"Fr\u00e9d\u00e9ric Petit\" size=\"128\" default=\"mm\" force_default=\"\" rating=\"g\" scheme=\"\" processed_args=\"\" extra_attr=\"\" force_display=\"\" loading=\"\" fetchpriority=\"\" found_avatar=\"1\" url=\"https:\/\/secure.gravatar.com\/avatar\/90998f1dd3d7dde8514a6189a4f7dec7dfb815c277e25e11d6a954a879f28013?s=128&amp;d=mm&amp;r=g\" \/>\t\t<\/div>\n\t\t\t\t<div class=\"elementor-post__text\">\n\t\t\t\t<h3 class=\"elementor-post__title\">\n\t\t\t<a href=\"https:\/\/awacss.be\/index.php\/2025\/05\/04\/titre\/\" >\n\t\t\t\tCommunication aux membres et sympathisants\t\t\t<\/a>\n\t\t<\/h3>\n\t\t\t\t<div class=\"elementor-post__excerpt\">\n\t\t\t<p>Chers membres et sympathisants, La mise en place du nouveau gouvernement f\u00e9d\u00e9ral est un \u00e9l\u00e9ment tr\u00e8s favorable dans notre lutte pour r\u00e9duire de fa\u00e7on importante et durable les nuisances dues au survol que nous subissons lors des d\u00e9collages et atterrissages des avions survolant l\u2019Est de Bruxelles et en particulier la<\/p>\n\t\t<\/div>\n\t\t\n\t\t<a class=\"elementor-post__read-more\" href=\"https:\/\/awacss.be\/index.php\/2025\/05\/04\/titre\/\" aria-label=\"En savoir plus sur Communication aux membres et sympathisants\" tabindex=\"-1\" >\n\t\t\tLire la suite \u00bb\t\t<\/a>\n\n\t\t\t\t<\/div>\n\t\t\t\t<div class=\"elementor-post__meta-data\">\n\t\t\t\t\t<span class=\"elementor-post-date\">\n\t\t\t4 mai 2025\t\t<\/span>\n\t\t\t\t<span class=\"elementor-post-avatar\">\n\t\t\tAucun commentaire\t\t<\/span>\n\t\t\t\t<\/div>\n\t\t\t\t\t<\/div>\n\t\t<\/article>\n\t\t\t\t<\/div>\n\t\t\n\t\t\t\t\t\t<\/div>\n\t\t\t\t<\/div>\n\t\t\t\t\t<\/div>\n\t\t\t\t<\/div>\n\t\t\t\t<\/div>\n\t\t","protected":false},"excerpt":{"rendered":"","protected":false},"author":1,"featured_media":0,"parent":0,"menu_order":0,"comment_status":"closed","ping_status":"closed","template":"","meta":{"footnotes":""},"class_list":["post-388","page","type-page","status-publish","hentry"],"_links":{"self":[{"href":"https:\/\/awacss.be\/index.php\/wp-json\/wp\/v2\/pages\/388","targetHints":{"allow":["GET"]}}],"collection":[{"href":"https:\/\/awacss.be\/index.php\/wp-json\/wp\/v2\/pages"}],"about":[{"href":"https:\/\/awacss.be\/index.php\/wp-json\/wp\/v2\/types\/page"}],"author":[{"embeddable":true,"href":"https:\/\/awacss.be\/index.php\/wp-json\/wp\/v2\/users\/1"}],"replies":[{"embeddable":true,"href":"https:\/\/awacss.be\/index.php\/wp-json\/wp\/v2\/comments?post=388"}],"version-history":[{"count":48,"href":"https:\/\/awacss.be\/index.php\/wp-json\/wp\/v2\/pages\/388\/revisions"}],"predecessor-version":[{"id":1038,"href":"https:\/\/awacss.be\/index.php\/wp-json\/wp\/v2\/pages\/388\/revisions\/1038"}],"wp:attachment":[{"href":"https:\/\/awacss.be\/index.php\/wp-json\/wp\/v2\/media?parent=388"}],"curies":[{"name":"wp","href":"https:\/\/api.w.org\/{rel}","templated":true}]}}