{"id":96,"date":"2025-05-04T13:58:02","date_gmt":"2025-05-04T11:58:02","guid":{"rendered":"https:\/\/awacss.be\/index.php\/about\/"},"modified":"2025-05-19T10:35:18","modified_gmt":"2025-05-19T08:35:18","slug":"actions","status":"publish","type":"page","link":"https:\/\/awacss.be\/index.php\/actions\/","title":{"rendered":"Nos actions"},"content":{"rendered":"\t\t<div data-elementor-type=\"wp-page\" data-elementor-id=\"96\" class=\"elementor elementor-96\" data-elementor-post-type=\"page\">\n\t\t\t\t<div class=\"elementor-element elementor-element-7ad8c95 e-flex e-con-boxed e-con e-parent\" data-id=\"7ad8c95\" data-element_type=\"container\" data-settings=\"{&quot;background_background&quot;:&quot;gradient&quot;,&quot;shape_divider_bottom&quot;:&quot;waves&quot;}\">\n\t\t\t\t\t<div class=\"e-con-inner\">\n\t\t\t\t<div class=\"elementor-shape elementor-shape-bottom\" aria-hidden=\"true\" data-negative=\"false\">\n\t\t\t<svg xmlns=\"http:\/\/www.w3.org\/2000\/svg\" viewBox=\"0 0 1000 100\" preserveAspectRatio=\"none\">\n\t<path class=\"elementor-shape-fill\" d=\"M421.9,6.5c22.6-2.5,51.5,0.4,75.5,5.3c23.6,4.9,70.9,23.5,100.5,35.7c75.8,32.2,133.7,44.5,192.6,49.7\n\tc23.6,2.1,48.7,3.5,103.4-2.5c54.7-6,106.2-25.6,106.2-25.6V0H0v30.3c0,0,72,32.6,158.4,30.5c39.2-0.7,92.8-6.7,134-22.4\n\tc21.2-8.1,52.2-18.2,79.7-24.2C399.3,7.9,411.6,7.5,421.9,6.5z\"\/>\n<\/svg>\t\t<\/div>\n\t\t\t\t<div class=\"elementor-element elementor-element-1d6fd482 elementor-widget elementor-widget-heading\" data-id=\"1d6fd482\" data-element_type=\"widget\" data-widget_type=\"heading.default\">\n\t\t\t\t<div class=\"elementor-widget-container\">\n\t\t\t\t\t<h1 class=\"elementor-heading-title elementor-size-default\">Nos Actions<\/h1>\t\t\t\t<\/div>\n\t\t\t\t<\/div>\n\t\t\t\t<div class=\"elementor-element elementor-element-ba4a874 elementor-widget elementor-widget-heading\" data-id=\"ba4a874\" data-element_type=\"widget\" data-widget_type=\"heading.default\">\n\t\t\t\t<div class=\"elementor-widget-container\">\n\t\t\t\t\t<h3 class=\"elementor-heading-title elementor-size-default\">Ce que nous faisons concr\u00e8tement<\/h3>\t\t\t\t<\/div>\n\t\t\t\t<\/div>\n\t\t\t\t\t<\/div>\n\t\t\t\t<\/div>\n\t\t<div class=\"elementor-element elementor-element-0a730cc e-flex e-con-boxed e-con e-parent\" data-id=\"0a730cc\" data-element_type=\"container\">\n\t\t\t\t\t<div class=\"e-con-inner\">\n\t\t<div class=\"elementor-element elementor-element-ebf8a5d e-con-full e-flex e-con e-child\" data-id=\"ebf8a5d\" data-element_type=\"container\">\n\t\t\t\t<div class=\"elementor-element elementor-element-b8a6245 elementor-widget elementor-widget-spacer\" data-id=\"b8a6245\" data-element_type=\"widget\" data-widget_type=\"spacer.default\">\n\t\t\t\t<div class=\"elementor-widget-container\">\n\t\t\t\t\t\t\t<div class=\"elementor-spacer\">\n\t\t\t<div class=\"elementor-spacer-inner\"><\/div>\n\t\t<\/div>\n\t\t\t\t\t\t<\/div>\n\t\t\t\t<\/div>\n\t\t\t\t<\/div>\n\t\t\t\t\t<\/div>\n\t\t\t\t<\/div>\n\t\t<div class=\"elementor-element elementor-element-9ae65fa e-flex e-con-boxed e-con e-parent\" data-id=\"9ae65fa\" data-element_type=\"container\">\n\t\t\t\t\t<div class=\"e-con-inner\">\n\t\t\t\t<div class=\"elementor-element elementor-element-78c7243 elementor-widget elementor-widget-heading\" data-id=\"78c7243\" data-element_type=\"widget\" data-widget_type=\"heading.default\">\n\t\t\t\t<div class=\"elementor-widget-container\">\n\t\t\t\t\t<h2 class=\"elementor-heading-title elementor-size-default\"><h2 data-elementor-setting-key=\"title\" data-pen-placeholder=\"\u00c9crivez ici...\" style=\"color: rgb(70, 50, 218); font-family: &quot;Varela Round&quot;, sans-serif; font-weight: 300; line-height: 54px; font-size: 45px; text-transform: none; font-style: normal; text-decoration: none; letter-spacing: normal; word-spacing: 0px;\">Pourquoi :<\/h2><\/h2>\t\t\t\t<\/div>\n\t\t\t\t<\/div>\n\t\t\t\t<div class=\"elementor-element elementor-element-d3ef3d0 elementor-widget elementor-widget-heading\" data-id=\"d3ef3d0\" data-element_type=\"widget\" data-widget_type=\"heading.default\">\n\t\t\t\t<div class=\"elementor-widget-container\">\n\t\t\t\t\t<h3 class=\"elementor-heading-title elementor-size-default\">La lutte contre le trafic a\u00e9rien g\u00e9n\u00e9r\u00e9 par l'a\u00e9roport national situ\u00e9 \u00e0 Zaventem :<\/h3>\t\t\t\t<\/div>\n\t\t\t\t<\/div>\n\t\t\t\t<div class=\"elementor-element elementor-element-edef5f7 elementor-widget elementor-widget-text-editor\" data-id=\"edef5f7\" data-element_type=\"widget\" data-widget_type=\"text-editor.default\">\n\t\t\t\t<div class=\"elementor-widget-container\">\n\t\t\t\t\t\t\t\t\t<p class=\"p1\">Malgr\u00e9 la suppression officielle du funeste plan Anciaux qui concentrait les survols sur l&rsquo;Est de Bruxelles, notre commune reste intens\u00e9ment survol\u00e9e par des a\u00e9ronefs extr\u00eamement bruyants de jour comme de nuit.<\/p><p class=\"p1\">Le syst\u00e8me pr\u00e9f\u00e9rentiel de l&rsquo;usage des pistes (PRS) et les routes actuelles au d\u00e9part des pistes 25R et 19 affectent gravement la qui\u00e9tude et la qualit\u00e9 de vie des habitants de Wezembeek-Oppem.<\/p><p class=\"p1\">C&rsquo;est d&rsquo;autant plus inacceptable que le PRS n&rsquo;est pas appliqu\u00e9 correctement faute de normes de vent clarifi\u00e9es, ce qui engendre un usage excessif, abusif et ill\u00e9gal de la piste 01 pour les atterrissages.<\/p><p class=\"p1\">Le monde politique est paralys\u00e9 par le conflit entre les communes du Nord de Bruxelles, le R\u00e9gion de Bruxelles Capitale et l&rsquo;Est de Bruxelles. Aucune avanc\u00e9e significative n&rsquo;a \u00e9t\u00e9 obtenue lors de la pr\u00e9c\u00e9dente l\u00e9gislature.<\/p><p class=\"p1\">Notre association doit se faire entendre aupr\u00e8s des d\u00e9cideurs par tous les moyens l\u00e9gaux disponibles.<\/p>\t\t\t\t\t\t\t\t<\/div>\n\t\t\t\t<\/div>\n\t\t\t\t\t<\/div>\n\t\t\t\t<\/div>\n\t\t<div class=\"elementor-element elementor-element-9ca988a e-flex e-con-boxed e-con e-parent\" data-id=\"9ca988a\" data-element_type=\"container\">\n\t\t\t\t\t<div class=\"e-con-inner\">\n\t\t\t\t<div class=\"elementor-element elementor-element-d73f49f elementor-widget elementor-widget-heading\" data-id=\"d73f49f\" data-element_type=\"widget\" data-widget_type=\"heading.default\">\n\t\t\t\t<div class=\"elementor-widget-container\">\n\t\t\t\t\t<h2 class=\"elementor-heading-title elementor-size-default\">Nos objectifs principaux :<\/h2>\t\t\t\t<\/div>\n\t\t\t\t<\/div>\n\t\t\t\t<div class=\"elementor-element elementor-element-50353a3 elementor-widget elementor-widget-heading\" data-id=\"50353a3\" data-element_type=\"widget\" data-widget_type=\"heading.default\">\n\t\t\t\t<div class=\"elementor-widget-container\">\n\t\t\t\t\t<h3 class=\"elementor-heading-title elementor-size-default\">Rendre aux habitants de Wezembeek-Oppem la qualit\u00e9 de vie qu'ils avaient auparavant.<\/h3>\t\t\t\t<\/div>\n\t\t\t\t<\/div>\n\t\t\t\t<div class=\"elementor-element elementor-element-e58cd8c elementor-widget elementor-widget-text-editor\" data-id=\"e58cd8c\" data-element_type=\"widget\" data-widget_type=\"text-editor.default\">\n\t\t\t\t<div class=\"elementor-widget-container\">\n\t\t\t\t\t\t\t\t\t<p>Diminuer drastiquement le niveau de bruit admis de jour comme de nuit (QC) en particulier par les vols cargos.<\/p><p>Supprimer \u00e0 terme les vols de nuit comme dans d&rsquo;autres a\u00e9roports europ\u00e9ens.<\/p><p>Clarifier les normes de vent afin d&rsquo;objectiver le choix des pistes en fonction de la s\u00e9curit\u00e9 a\u00e9rienne.<\/p><p>Appliquer imm\u00e9diatement les proc\u00e9dures PBN-RNP s\u00e9curisantes et de moindre bruit sur toutes les pistes.<\/p><p>Appliquer les proc\u00e9dures de d\u00e9collage (NAPD) et d&rsquo;atterrissage (CDO) de moindre bruit.<\/p><p>L&rsquo;application stricte des d\u00e9cisions de justice, en particulier celles concernant l&rsquo;usage actuel excessif et abusif de la piste 01 pour les atterrissages hors PRS.<\/p>\t\t\t\t\t\t\t\t<\/div>\n\t\t\t\t<\/div>\n\t\t\t\t\t<\/div>\n\t\t\t\t<\/div>\n\t\t<div class=\"elementor-element elementor-element-dd59141 e-flex e-con-boxed e-con e-parent\" data-id=\"dd59141\" data-element_type=\"container\">\n\t\t\t\t\t<div class=\"e-con-inner\">\n\t\t\t\t<div class=\"elementor-element elementor-element-ff7e4e5 elementor-widget elementor-widget-heading\" data-id=\"ff7e4e5\" data-element_type=\"widget\" data-widget_type=\"heading.default\">\n\t\t\t\t<div class=\"elementor-widget-container\">\n\t\t\t\t\t<h2 class=\"elementor-heading-title elementor-size-default\">Nos actions<\/h2>\t\t\t\t<\/div>\n\t\t\t\t<\/div>\n\t\t\t\t<div class=\"elementor-element elementor-element-4a26ead elementor-widget elementor-widget-heading\" data-id=\"4a26ead\" data-element_type=\"widget\" data-widget_type=\"heading.default\">\n\t\t\t\t<div class=\"elementor-widget-container\">\n\t\t\t\t\t<h3 class=\"elementor-heading-title elementor-size-default\">Rendre aux habitants de Wezembeek-Oppem la qualit\u00e9 de vie qu'ils avaient auparavant.<\/h3>\t\t\t\t<\/div>\n\t\t\t\t<\/div>\n\t\t\t\t<div class=\"elementor-element elementor-element-3df67d1 elementor-widget elementor-widget-text-editor\" data-id=\"3df67d1\" data-element_type=\"widget\" data-widget_type=\"text-editor.default\">\n\t\t\t\t<div class=\"elementor-widget-container\">\n\t\t\t\t\t\t\t\t\t<p>Ensemble avec les autorit\u00e9s communales nous avons men\u00e9 et continuons \u00e0 mener des actions en justice contre des communes qui veulent nous transf\u00e9rer leurs nuisances en utilisant de fausses informations.<\/p><p>Suivi syst\u00e9matique de l&rsquo;\u00e9volution du dossier et contacts avec les autorit\u00e9s et les d\u00e9cideurs pour les aider \u00e0 trouver des solutions r\u00e9alistes, durables et \u00e9quitables.<\/p><p>Information \u00e0 la population via la page <a href=\"https:\/\/www.facebook.com\/p\/AWACSS-100064877012083\/\">Facebook<\/a> et des r\u00e9unions d&rsquo;information.<\/p><p>Plaintes officielles au service de m\u00e9diation via le lien <a href=\"https:\/\/servicerequest.mobilit.fgov.be\/index.html\">Requ\u00eates<\/a>.<\/p><p>Etroite collaboration avec l&rsquo;association <a href=\"https:\/\/wakeupkraainem.be\/\">Wake Up Kraainem<\/a> et PISTE 01 CA SUFFIT.<\/p><p>Contacts avec les autres associations et participation \u00e0 des d\u00e9bats sur les nuisances d&rsquo;avions.<\/p>\t\t\t\t\t\t\t\t<\/div>\n\t\t\t\t<\/div>\n\t\t\t\t\t<\/div>\n\t\t\t\t<\/div>\n\t\t<div class=\"elementor-element elementor-element-8d3ea50 e-flex e-con-boxed e-con e-parent\" data-id=\"8d3ea50\" data-element_type=\"container\">\n\t\t\t\t\t<div class=\"e-con-inner\">\n\t\t\t\t\t<\/div>\n\t\t\t\t<\/div>\n\t\t\t\t<\/div>\n\t\t","protected":false},"excerpt":{"rendered":"<p>Nos Actions Ce que nous faisons concr\u00e8tement Pourquoi : La lutte contre le trafic a\u00e9rien g\u00e9n\u00e9r\u00e9 par l&rsquo;a\u00e9roport national situ\u00e9 \u00e0 Zaventem : Malgr\u00e9 la suppression officielle du funeste plan Anciaux qui concentrait les survols sur l&rsquo;Est de Bruxelles, notre commune reste intens\u00e9ment survol\u00e9e par des a\u00e9ronefs extr\u00eamement bruyants de jour comme de nuit. Le [&hellip;]<\/p>\n","protected":false},"author":1,"featured_media":0,"parent":0,"menu_order":0,"comment_status":"closed","ping_status":"closed","template":"elementor_header_footer","meta":{"footnotes":""},"class_list":["post-96","page","type-page","status-publish","hentry"],"_links":{"self":[{"href":"https:\/\/awacss.be\/index.php\/wp-json\/wp\/v2\/pages\/96","targetHints":{"allow":["GET"]}}],"collection":[{"href":"https:\/\/awacss.be\/index.php\/wp-json\/wp\/v2\/pages"}],"about":[{"href":"https:\/\/awacss.be\/index.php\/wp-json\/wp\/v2\/types\/page"}],"author":[{"embeddable":true,"href":"https:\/\/awacss.be\/index.php\/wp-json\/wp\/v2\/users\/1"}],"replies":[{"embeddable":true,"href":"https:\/\/awacss.be\/index.php\/wp-json\/wp\/v2\/comments?post=96"}],"version-history":[{"count":29,"href":"https:\/\/awacss.be\/index.php\/wp-json\/wp\/v2\/pages\/96\/revisions"}],"predecessor-version":[{"id":710,"href":"https:\/\/awacss.be\/index.php\/wp-json\/wp\/v2\/pages\/96\/revisions\/710"}],"wp:attachment":[{"href":"https:\/\/awacss.be\/index.php\/wp-json\/wp\/v2\/media?parent=96"}],"curies":[{"name":"wp","href":"https:\/\/api.w.org\/{rel}","templated":true}]}}